{"id":7130,"date":"2014-08-10T02:38:38","date_gmt":"2014-08-09T17:38:38","guid":{"rendered":"http:\/\/yoyorewind.com\/jp\/?page_id=7130"},"modified":"2022-01-10T20:19:07","modified_gmt":"2022-01-10T11:19:07","slug":"2014wyyc","status":"publish","type":"page","link":"https:\/\/yoyorewind.com\/jp\/video\/freestyle\/2014wyyc\/","title":{"rendered":"2014\u4e16\u754c\u5927\u4f1a"},"content":{"rendered":"<p><img data-recalc-dims=\"1\" decoding=\"async\" class=\"aligncenter size-full wp-image-7350\" src=\"https:\/\/i0.wp.com\/yoyorewind.com\/jp\/wp-content\/uploads\/2013\/08\/2014wyyc.jpg?resize=700%2C100&#038;ssl=1\" alt=\"\" width=\"700\" height=\"100\" srcset=\"https:\/\/i0.wp.com\/yoyorewind.com\/jp\/wp-content\/uploads\/2013\/08\/2014wyyc.jpg?w=700&amp;ssl=1 700w, https:\/\/i0.wp.com\/yoyorewind.com\/jp\/wp-content\/uploads\/2013\/08\/2014wyyc.jpg?resize=300%2C42&amp;ssl=1 300w\" sizes=\"(max-width: 700px) 100vw, 700px\" \/><\/p>\n<h1>1A<\/h1>\n<p><iframe title=\"C3yoyodesign Present WYYC2014 1A Champion Gentry Stein\" width=\"500\" height=\"281\" src=\"https:\/\/www.youtube.com\/embed\/wMd2oKx0PTo?feature=oembed\" frameborder=\"0\" allow=\"accelerometer; autoplay; clipboard-write; encrypted-media; gyroscope; picture-in-picture; web-share\" referrerpolicy=\"strict-origin-when-cross-origin\" allowfullscreen><\/iframe><br \/>\n1st Gentry Stein (United States)<br \/>\n2nd <a href=\"https:\/\/www.youtube.com\/watch?v=Ur-cua5Z2FU\" target=\"_blank\" rel=\"noopener\">Takeshi Matsuura<\/a> (Japan)<br \/>\n3rd <a href=\"https:\/\/www.youtube.com\/watch?v=oqairSmG468\" target=\"_blank\" rel=\"noopener\">Iori Yamaki<\/a> (Japan)<br \/>\n4th <a href=\"https:\/\/www.youtube.com\/watch?v=vbvXj3ndbA4\" target=\"_blank\" rel=\"noopener\">Paul Kerbel<\/a> (Mexico)<br \/>\n5th <a href=\"https:\/\/www.youtube.com\/watch?v=Qw77T7u51nk\" target=\"_blank\" rel=\"noopener\">Zach Gormley<\/a> (United States)<br \/>\n6th <a href=\"https:\/\/www.youtube.com\/watch?v=B5unP_K0QA4\" target=\"_blank\" rel=\"noopener\">Ahmad Kharisma<\/a> (Indonesia)<br \/>\n7th <a href=\"https:\/\/www.youtube.com\/watch?v=7jdmwMPkA-E\" target=\"_blank\" rel=\"noopener\">Shinya Kido<\/a> (Japan)<br \/>\n8th <a href=\"https:\/\/www.youtube.com\/watch?v=C6WQ0t_5v6E\" target=\"_blank\" rel=\"noopener\">Hiroyuki Suzuki<\/a> (Japan)<br \/>\n9th <a href=\"https:\/\/www.youtube.com\/watch?v=ZQjvTHSnt-k\" target=\"_blank\" rel=\"noopener\">Yamato Murata<\/a> (Japan)<br \/>\n10th <a href=\"https:\/\/www.youtube.com\/watch?v=78V2vI5ctHc\" target=\"_blank\" rel=\"noopener\">Izuru Hasumi<\/a> (Japan)<br \/>\n11th <a href=\"https:\/\/www.youtube.com\/watch?v=muZsw2WZwUk\" target=\"_blank\" rel=\"noopener\">Janos Karancz<\/a> (Hungary)<br \/>\n12th <a href=\"https:\/\/www.youtube.com\/watch?v=QV1gqXDvqJ4\" target=\"_blank\" rel=\"noopener\">Carlos Braun<\/a> (Germany)<br \/>\n13th <a href=\"https:\/\/www.youtube.com\/watch?v=eE9wfk4Z8Gk\" target=\"_blank\" rel=\"noopener\">V\u00e1clav Kroutil<\/a> (Czech Republic)<br \/>\n14th <a href=\"https:\/\/www.youtube.com\/watch?v=VMtaZmYMGaU\" target=\"_blank\" rel=\"noopener\">Yusuke Otsuka<\/a> (Japan)<br \/>\n15th\u00a0<a href=\"https:\/\/www.youtube.com\/watch?v=Rnu8ueYmCxs\" target=\"_blank\" rel=\"noopener\">Petr Aminev<\/a> (Russia)<br \/>\n16th <a href=\"https:\/\/www.youtube.com\/watch?v=_pxCmFgLtek\" target=\"_blank\" rel=\"noopener\">Marcus Koh<\/a> (Singapore)<br \/>\n17th <a href=\"https:\/\/www.youtube.com\/watch?v=03Q3tI4DkRk\" target=\"_blank\" rel=\"noopener\">Andrew Maider<\/a> (United States)<br \/>\n18th <a href=\"https:\/\/www.youtube.com\/watch?v=z6spoyg37ec\" target=\"_blank\" rel=\"noopener\">Masahiro Terada<\/a> (Japan)<br \/>\n19th\u00a0<a href=\"https:\/\/www.youtube.com\/watch?v=ILDqEkrLd1c\" target=\"_blank\" rel=\"noopener\">Peter Pong Si Yee<\/a> (Hong Kong)<br \/>\n20th\u00a0<a href=\"https:\/\/www.youtube.com\/watch?v=KPakDQ1lOeg\" target=\"_blank\" rel=\"noopener\">Matou\u0161 Tome\u0161<\/a> (Czech Republic)<\/p>\n<p><a href=\"http:\/\/yoyorewind.com\/jp\/news\/2014\/08\/08\/7073\/\">1A\u90e8\u9580\u6e96\u6c7a\u52dd\u306e\u7d50\u679c\uff06\u30d3\u30c7\u30aa\u306f\u3053\u3061\u3089<\/a> \/ <a href=\"http:\/\/yoyorewind.com\/jp\/news\/2014\/08\/07\/7035\/\">\u30ef\u30a4\u30eb\u30c9\u30ab\u30fc\u30c9\u306e\u7d50\u679c\u306f\u3053\u3061\u3089<\/a><\/p>\n<h1>2A<\/h1>\n<p><iframe title=\"C3yoyodesign Present WYYC2014 2A Champion - Takuma Yamamoto\" width=\"500\" height=\"281\" src=\"https:\/\/www.youtube.com\/embed\/q7TgQXwX0bs?feature=oembed\" frameborder=\"0\" allow=\"accelerometer; autoplay; clipboard-write; encrypted-media; gyroscope; picture-in-picture; web-share\" referrerpolicy=\"strict-origin-when-cross-origin\" allowfullscreen><\/iframe><br \/>\n1st Takuma Yamamoto (Japan)<br \/>\n2nd\u00a0<a href=\"https:\/\/www.youtube.com\/watch?v=ZNTWX2q9bgM\" target=\"_blank\" rel=\"noopener\">Yasushi Furukawa<\/a>\u00a0(Japan)<br \/>\n3rd\u00a0<a href=\"https:\/\/www.youtube.com\/watch?v=iY7e9KG-4RM\" target=\"_blank\" rel=\"noopener\">Hiraku Fujii<\/a>\u00a0(Japan)<br \/>\n4th\u00a0<a href=\"https:\/\/www.youtube.com\/watch?v=8qeYUeohdtE\" target=\"_blank\" rel=\"noopener\">Tomoyuki Kaneko<\/a> (Japan)<br \/>\n5th\u00a0<a href=\"https:\/\/www.youtube.com\/watch?v=5sVfzexgKAc\" target=\"_blank\" rel=\"noopener\">Shuhei Kanai<\/a> (Japan)<br \/>\n6th\u00a0<a href=\"https:\/\/www.youtube.com\/watch?v=m7z46RAo-00\" target=\"_blank\" rel=\"noopener\">Joseph Harris<\/a> (United States)<br \/>\n7th\u00a0<a href=\"https:\/\/www.youtube.com\/watch?v=F78uaXXCItE\" target=\"_blank\" rel=\"noopener\">Liu Man Ki<\/a> (Hong Kong)<br \/>\n8th <a href=\"https:\/\/www.youtube.com\/watch?v=VW4dgPTNC_M\" target=\"_blank\" rel=\"noopener\">Dave Geigle<\/a> (Germany)<br \/>\n9th\u00a0<a href=\"https:\/\/www.youtube.com\/watch?v=Dl9FxLCQai0\" target=\"_blank\" rel=\"noopener\">JongKi Yoon<\/a> (Republic of Korea)<\/p>\n<p><a href=\"http:\/\/yoyorewind.com\/jp\/news\/2014\/08\/08\/7073\/\">2A\u90e8\u9580\u4e88\u9078\u306e\u7d50\u679c\uff06\u30d3\u30c7\u30aa\u306f\u3053\u3061\u3089<\/a><\/p>\n<h1>3A<\/h1>\n<p><iframe title=\"C3yoyodesign Present WYYC2014 3A Champion - Hajime Miura\" width=\"500\" height=\"281\" src=\"https:\/\/www.youtube.com\/embed\/WKUTV-02KjA?feature=oembed\" frameborder=\"0\" allow=\"accelerometer; autoplay; clipboard-write; encrypted-media; gyroscope; picture-in-picture; web-share\" referrerpolicy=\"strict-origin-when-cross-origin\" allowfullscreen><\/iframe><br \/>\n1st Hajime Miura (Japan)<br \/>\n2nd\u00a0<a href=\"https:\/\/www.youtube.com\/watch?v=-gJ0mH4dGv0\" target=\"_blank\" rel=\"noopener\">Hank Freeman<\/a>\u00a0(United States)<br \/>\n3rd\u00a0<a href=\"https:\/\/www.youtube.com\/watch?v=zOuVUAjRwaA\" target=\"_blank\" rel=\"noopener\">Minato Furuta<\/a>\u00a0(Japan)<br \/>\n4th\u00a0<a href=\"https:\/\/www.youtube.com\/watch?v=axZTROx1-A0\" target=\"_blank\" rel=\"noopener\">Mizuki Takimoto<\/a>\u00a0(Japan)<br \/>\n5th\u00a0<a href=\"https:\/\/www.youtube.com\/watch?v=0dwNssmFh4U\" target=\"_blank\" rel=\"noopener\">Taiichiro Higashi<\/a>\u00a0(Japan)<br \/>\n6th\u00a0<a href=\"https:\/\/www.youtube.com\/watch?v=5VVmCru3hNk\" target=\"_blank\" rel=\"noopener\">Patrick Borgerding<\/a>\u00a0(United States)<br \/>\n7th\u00a0<a href=\"https:\/\/www.youtube.com\/watch?v=-pKIriHlXfw\" target=\"_blank\" rel=\"noopener\">Alex Hattori<\/a>\u00a0(United States)<br \/>\n8th\u00a0<a href=\"https:\/\/www.youtube.com\/watch?v=I4rehyOsPf8\" target=\"_blank\" rel=\"noopener\">Ng Wang Kit<\/a>\u00a0(Hong Kong)<br \/>\n9th\u00a0<a href=\"https:\/\/www.youtube.com\/watch?v=qLzNSmwpKIA\" target=\"_blank\" rel=\"noopener\">Michal Ja\u0161ko<\/a>\u00a0(Czech Republic)<br \/>\n10th\u00a0<a href=\"https:\/\/www.youtube.com\/watch?v=IgxH6EfWIy8\" target=\"_blank\" rel=\"noopener\">Donald Hodgkinson<\/a>\u00a0(United States)<br \/>\n11th\u00a0<a href=\"https:\/\/www.youtube.com\/watch?v=JnQ9QrDj0p0\" target=\"_blank\" rel=\"noopener\">Naoya Takeuchi<\/a>\u00a0(Japan)<\/p>\n<p><a href=\"http:\/\/yoyorewind.com\/jp\/news\/2014\/08\/08\/7044\/\">3A\u90e8\u9580\u4e88\u9078\u306e\u7d50\u679c\uff06\u30d3\u30c7\u30aa\u306f\u3053\u3061\u3089<\/a><\/p>\n<h1>4A<\/h1>\n<p><iframe title=\"C3yoyodesign present WYYC 2014 4A Champion - Rei Iwakura\" width=\"500\" height=\"281\" src=\"https:\/\/www.youtube.com\/embed\/gy8BDmCUmX8?feature=oembed\" frameborder=\"0\" allow=\"accelerometer; autoplay; clipboard-write; encrypted-media; gyroscope; picture-in-picture; web-share\" referrerpolicy=\"strict-origin-when-cross-origin\" allowfullscreen><\/iframe><br \/>\n1st Rei Iwakura (Japan)<br \/>\n2nd <a href=\"https:\/\/www.youtube.com\/watch?v=NrJ9rN3k-kU\" target=\"_blank\" rel=\"noopener\">Michael Nakamura<\/a> (United States)<br \/>\n3rd <a href=\"https:\/\/www.youtube.com\/watch?v=tFfDxc9s9EU\" target=\"_blank\" rel=\"noopener\">Naoto Okada<\/a> (Japan)<br \/>\n4th <a href=\"https:\/\/www.youtube.com\/watch?v=cjRsk4cLnf0\" target=\"_blank\" rel=\"noopener\">Ian Johnson<\/a> (United States)<br \/>\n5th <a href=\"https:\/\/www.youtube.com\/watch?v=KxJ6CI-MQhU\" target=\"_blank\" rel=\"noopener\">Zac Rubino<\/a> (United States)<br \/>\n6th <a href=\"https:\/\/www.youtube.com\/watch?v=Ap7lgWPNaJY\" target=\"_blank\" rel=\"noopener\">Po Han Kuo<\/a> (Taiwan)<br \/>\n7th <a href=\"https:\/\/www.youtube.com\/watch?v=DKblQPSSq50\" target=\"_blank\" rel=\"noopener\">Gustavo Amaral<\/a> (Brazil)<br \/>\n8th <a href=\"https:\/\/www.youtube.com\/watch?v=-3h-5xgOsbY\" target=\"_blank\" rel=\"noopener\">Chan Chun Hin<\/a> (Hong Kong)<br \/>\n9th <a href=\"https:\/\/www.youtube.com\/watch?v=o-00Qvb-mmI\" target=\"_blank\" rel=\"noopener\">Tsubasa Onishi<\/a> (Japan)<br \/>\n10th <a href=\"https:\/\/www.youtube.com\/watch?v=obfBnmkr5a8\" target=\"_blank\" rel=\"noopener\">Yuuki Uchida<\/a> (Japan)<br \/>\n11th <a href=\"https:\/\/www.youtube.com\/watch?v=eLSHud9DxX8\" target=\"_blank\" rel=\"noopener\">Jeon Ji Hwan<\/a> (Republic of Korea)<br \/>\n12th <a href=\"https:\/\/www.youtube.com\/watch?v=feuah1p6cpg\" target=\"_blank\" rel=\"noopener\">Norbert Jenei<\/a> (Austria \/ Hungary)<br \/>\n13th <a href=\"https:\/\/www.youtube.com\/watch?v=Y7ZTqKJjH9c\" target=\"_blank\" rel=\"noopener\">Ben Conde<\/a> (United States)<br \/>\n14th <a href=\"https:\/\/www.youtube.com\/watch?v=saYXSP9XWkw\" target=\"_blank\" rel=\"noopener\">Lorenzo Sabatini<\/a> (Italy)<br \/>\n15th <a href=\"https:\/\/www.youtube.com\/watch?v=u0owRuZ69HY\" target=\"_blank\" rel=\"noopener\">Quentin Godet<\/a> (France)<br \/>\n16th <a href=\"https:\/\/www.youtube.com\/watch?v=aEPYullq7XM\" target=\"_blank\" rel=\"noopener\">Ond\u0159ej Schmid<\/a> (Czech Republic)<br \/>\n17th <a href=\"https:\/\/www.youtube.com\/watch?v=LeR0mJArYgc\" target=\"_blank\" rel=\"noopener\">Trivet Sembel<\/a> (Indonesia)<br \/>\n18th <a href=\"https:\/\/www.youtube.com\/watch?v=FWNGYZ8h0fY\" target=\"_blank\" rel=\"noopener\">Ayumu Harada<\/a> (Japan)<br \/>\n19th <a href=\"https:\/\/www.youtube.com\/watch?v=eMn2RXa8-nE\" target=\"_blank\" rel=\"noopener\">Wu Jinnan<\/a> (China)<\/p>\n<p><a href=\"http:\/\/yoyorewind.com\/jp\/news\/2014\/08\/08\/7044\/\">4A\u90e8\u9580\u4e88\u9078\u306e\u7d50\u679c\uff06\u30d3\u30c7\u30aa\u306f\u3053\u3061\u3089<\/a><\/p>\n<h1>5A<\/h1>\n<p><iframe title=\"C3yoyodesign present WYYC 2014 5A Champion Takeshi Matsuura\" width=\"500\" height=\"281\" src=\"https:\/\/www.youtube.com\/embed\/ZRonomh3qFY?feature=oembed\" frameborder=\"0\" allow=\"accelerometer; autoplay; clipboard-write; encrypted-media; gyroscope; picture-in-picture; web-share\" referrerpolicy=\"strict-origin-when-cross-origin\" allowfullscreen><\/iframe><br \/>\n1st Takeshi Matsuura (Japan)<br \/>\n2nd <a href=\"https:\/\/www.youtube.com\/watch?v=QwV3MvyPYWM\" target=\"_blank\" rel=\"noopener\">Jake Elliot<\/a> (United States)<br \/>\n3rd <a href=\"https:\/\/www.youtube.com\/watch?v=M_R6ptrw4CY\" target=\"_blank\" rel=\"noopener\">Sora Ishikawa<\/a> (Japan)<br \/>\n4th <a href=\"https:\/\/www.youtube.com\/watch?v=Q9itggOuSGU\" target=\"_blank\" rel=\"noopener\">Naoya Takeuchi<\/a> (Japan)<br \/>\n5th <a href=\"https:\/\/www.youtube.com\/watch?v=g-qnSqhvsTc\" target=\"_blank\" rel=\"noopener\">Ko Kwan Ho<\/a> (Hong Kong)<br \/>\n6th <a href=\"https:\/\/www.youtube.com\/watch?v=ctxY3QyjzUA\" target=\"_blank\" rel=\"noopener\">Ian Loh<\/a> (Singapore)<br \/>\n7th <a href=\"https:\/\/www.youtube.com\/watch?v=R9B8fcojFqQ\" target=\"_blank\" rel=\"noopener\">Chase Baxter<\/a> (United States)<br \/>\n8th<a href=\"https:\/\/www.youtube.com\/watch?v=GXfCE729J2M\" target=\"_blank\" rel=\"noopener\"> Petr Kavka<\/a> (Czech Republic)<br \/>\n9th <a href=\"https:\/\/www.youtube.com\/watch?v=JV0cgFejuMM\" target=\"_blank\" rel=\"noopener\">Daniel Budai<\/a> (Hungary)<br \/>\n10th <a href=\"https:\/\/www.youtube.com\/watch?v=PFGKKysyX-Q\" target=\"_blank\" rel=\"noopener\">Min Soo Kim<\/a> (Republic of Korea)<br \/>\n11th <a href=\"https:\/\/www.youtube.com\/watch?v=sIncI3XH_RM\" target=\"_blank\" rel=\"noopener\">D\u00e1vid Moln\u00e1r<\/a> (Hungary)<br \/>\n12th <a href=\"https:\/\/www.youtube.com\/watch?v=6J6j9ZEGjjQ\" target=\"_blank\" rel=\"noopener\">Brian Leung Pak Wai<\/a> (China \/ Hong Kong)<br \/>\n13th <a href=\"https:\/\/www.youtube.com\/watch?v=njtCD6Bc0dY\" target=\"_blank\" rel=\"noopener\">Matthew Gallacher<\/a> (United Kingdom)<br \/>\n14th <a href=\"https:\/\/www.youtube.com\/watch?v=KNoNGTw4cGo\" target=\"_blank\" rel=\"noopener\">Maciek Cwynar<\/a> (Poland)<br \/>\n15th <a href=\"https:\/\/www.youtube.com\/watch?v=UyMtVwVbo7U\" target=\"_blank\" rel=\"noopener\">George Stoyanov<\/a> (Bulgaria)<br \/>\n16th <a href=\"https:\/\/www.youtube.com\/watch?v=Os-Ta2UpclI\" target=\"_blank\" rel=\"noopener\">Petr M\u00edka<\/a> (Czech Republic)<br \/>\n&#8211; <a href=\"https:\/\/www.youtube.com\/watch?v=LluCtpK_8VM\" target=\"_blank\" rel=\"noopener\">Marco Riechen<\/a> (Germany)<\/p>\n<p><a href=\"http:\/\/yoyorewind.com\/jp\/news\/2014\/08\/08\/7044\/\">5A\u90e8\u9580\u4e88\u9078\u306e\u7d50\u679c\uff06\u30d3\u30c7\u30aa\u306f\u3053\u3061\u3089<\/a><\/p>\n<h1>Women<\/h1>\n<p><iframe title=\"C3yoyodesign present WYYC 2014 Woman Division Champion Tessa Piccillo\" width=\"500\" height=\"281\" src=\"https:\/\/www.youtube.com\/embed\/ncwuAUUdZQI?feature=oembed\" frameborder=\"0\" allow=\"accelerometer; autoplay; clipboard-write; encrypted-media; gyroscope; picture-in-picture; web-share\" referrerpolicy=\"strict-origin-when-cross-origin\" allowfullscreen><\/iframe><br \/>\n1st Tessa Piccillo (United States)<br \/>\n2nd <a href=\"https:\/\/www.youtube.com\/watch?v=KxvHGKEAscchttp:\/\/\" target=\"_blank\" rel=\"noopener\">Julia Aleksandra Gutowska<\/a> (Poland)<br \/>\n3rd <a href=\"https:\/\/www.youtube.com\/watch?v=BOIoeTVypS8\" target=\"_blank\" rel=\"noopener\">Corli du Toit<\/a> (South Africa)<br \/>\n4th <a href=\"https:\/\/www.youtube.com\/watch?v=g_iDi7VWOaE\" target=\"_blank\" rel=\"noopener\">Ann Connolly<\/a> (United States)<br \/>\n5th <a href=\"https:\/\/www.youtube.com\/watch?v=X2dOCyZfTeI\" target=\"_blank\" rel=\"noopener\">Josefina Ne\u0161porov\u00e1<\/a> (Czech Republic)<br \/>\n6th <a href=\"https:\/\/www.youtube.com\/watch?v=V4NE4HVUCEE\" target=\"_blank\" rel=\"noopener\">Mimi Thian<\/a> (Malaysia)<br \/>\n7th <a href=\"https:\/\/www.youtube.com\/watch?v=NXQ1Bm7x0WE\" target=\"_blank\" rel=\"noopener\">Grace Barnes<\/a> (United Kingdom)<br \/>\n8th <a href=\"https:\/\/www.youtube.com\/watch?v=0JK0cJgj2rk\" target=\"_blank\" rel=\"noopener\">Veronika Dleskov\u00e1<\/a> (Czech Republic)<br \/>\n9th <a href=\"https:\/\/www.youtube.com\/watch?v=31EgzHzNsko\" target=\"_blank\" rel=\"noopener\">Tatiana Ganikhina<\/a> (Russia)<br \/>\n10th <a href=\"https:\/\/www.youtube.com\/watch?v=aK8aElnIlz8\" target=\"_blank\" rel=\"noopener\">Anna Varga<\/a> (Hungary)<br \/>\n11th <a href=\"https:\/\/www.youtube.com\/watch?v=jQzK0O6lMFE\" target=\"_blank\" rel=\"noopener\">Karol\u00edna Z\u00e1hrubsk\u00e1<\/a> (Czech Republic)<br \/>\n12th <a href=\"https:\/\/www.youtube.com\/watch?v=MW2EC7Bgb64\" target=\"_blank\" rel=\"noopener\">Sara D&#8217;Amato<\/a> (Italy)<br \/>\n&#8211; <a href=\"https:\/\/www.youtube.com\/watch?v=Syp32k1tbuI\" target=\"_blank\" rel=\"noopener\">Chlo\u00e9 Monson\u00e9go<\/a> (France)<\/p>\n<h1>AP<\/h1>\n<p><iframe title=\"C3yoyodesign Present WYYC2014 AP Champion- SPINATION\" width=\"500\" height=\"281\" src=\"https:\/\/www.youtube.com\/embed\/mDehMdC8hCE?feature=oembed\" frameborder=\"0\" allow=\"accelerometer; autoplay; clipboard-write; encrypted-media; gyroscope; picture-in-picture; web-share\" referrerpolicy=\"strict-origin-when-cross-origin\" allowfullscreen><\/iframe><br \/>\n<strong>Grand Prix Winner &#8211; <a href=\"https:\/\/www.youtube.com\/watch?v=mDehMdC8hCE\" target=\"_blank\" rel=\"noopener\">SPINATION<\/a> (Japan)<\/strong><br \/>\nArtistic Award\u00a0 &#8211; <a href=\"https:\/\/www.youtube.com\/watch?v=mDehMdC8hCE\" target=\"_blank\" rel=\"noopener\">SPINATION<\/a> (Japan)<br \/>\nCreativity Award &#8211; <a href=\"https:\/\/www.youtube.com\/watch?v=smJgXGRJm9g\" target=\"_blank\" rel=\"noopener\">Tuan Chin-Min<\/a> (Taiwan)<\/p>\n<p><a href=\"https:\/\/www.youtube.com\/watch?v=oiasv3ryioU\" target=\"_blank\" rel=\"noopener\">Naoto<\/a> (Japan)<br \/>\n<a href=\"https:\/\/www.youtube.com\/watch?v=UvJqkHsYBog\" target=\"_blank\" rel=\"noopener\">Tuan Chin-Min<\/a> (Taiwan)<br \/>\n<a href=\"https:\/\/www.youtube.com\/watch?v=fKQMtAuvbMw\" target=\"_blank\" rel=\"noopener\">Takahiko Hasegawa<\/a> (Japan)<br \/>\n<a href=\"https:\/\/www.youtube.com\/watch?v=r8UzjhuGEes\" target=\"_blank\" rel=\"noopener\">inmot!on<\/a> (Switzerland)<\/p>\n<p>&nbsp;<\/p>\n<p>Thanks C3yoyodesign!<br \/>\n<a href=\"https:\/\/www.youtube.com\/user\/c3yoyodesign\" target=\"_blank\" rel=\"noopener\">Youtube<\/a><br \/>\n<a href=\"https:\/\/www.facebook.com\/c3yoyodesign\" target=\"_blank\" rel=\"noopener\">Facebook<\/a><br \/>\n<a href=\"http:\/\/c3yoyodesign.jp\/\" target=\"_blank\" rel=\"noopener\">\u65e5\u672c\u8a9e\u516c\u5f0f\u30b5\u30a4\u30c8<\/a><\/p>\n<p>2014\u5e74\u4e16\u754c\u5927\u4f1a\u30aa\u30d5\u30a3\u30b7\u30e3\u30eb\u30b5\u30a4\u30c8<br \/>\n<a title=\"World Yo-Yo Contest 2014\" href=\"http:\/\/www.worldyoyocontest.com\/2014worlds\/\" target=\"_blank\" rel=\"noopener\">http:\/\/www.worldyoyocontest.com\/2014worlds\/<\/a><\/p>\n","protected":false},"excerpt":{"rendered":"<p>1A 1st Gentry Stein (United States) 2nd Takeshi Matsuura (Japan) 3rd Iori Yamaki (Japan) 4th Paul Kerbel (Mexi [&hellip;]<\/p>\n","protected":false},"author":5,"featured_media":7350,"parent":107,"menu_order":0,"comment_status":"closed","ping_status":"closed","template":"","meta":{"_monsterinsights_skip_tracking":false,"_monsterinsights_sitenote_active":false,"_monsterinsights_sitenote_note":"","_monsterinsights_sitenote_category":0,"swell_btn_cv_data":"","jetpack_post_was_ever_published":false,"footnotes":""},"class_list":["post-7130","page","type-page","status-publish","has-post-thumbnail","hentry"],"jetpack_shortlink":"https:\/\/wp.me\/P3XC53-1R0","jetpack-related-posts":[{"id":39963,"url":"https:\/\/yoyorewind.com\/jp\/video\/freestyle\/2010wyyc\/","url_meta":{"origin":7130,"position":0},"title":"2010 \u4e16\u754c\u5927\u4f1a \u30d5\u30ea\u30fc\u30b9\u30bf\u30a4\u30eb\u6c7a\u52dd\u9032\u51fa\u8005\u306e\u30d3\u30c7\u30aa\uff081A\uff5e5A\u30fbAP\uff09","author":"Jun Aramaki","date":"2020\u5e749\u670810\u65e5","format":false,"excerpt":"1A 1st Jensen Kimmitt (Canada) https:\/\/www.youtube\u2026","rel":"","context":"\u985e\u4f3c\u6295\u7a3f","block_context":{"text":"\u985e\u4f3c\u6295\u7a3f","link":""},"img":{"alt_text":"","src":"https:\/\/i0.wp.com\/img.youtube.com\/vi\/b-usj9zFDjg\/0.jpg?resize=350%2C200","width":350,"height":200},"classes":[]},{"id":40248,"url":"https:\/\/yoyorewind.com\/jp\/video\/freestyle\/2004wyyc\/","url_meta":{"origin":7130,"position":1},"title":"2004 \u4e16\u754c\u5927\u4f1a \u6c7a\u52dd\u4e0a\u4f4d\u5165\u8cde\u8005\u306e\u30d5\u30ea\u30fc\u30b9\u30bf\u30a4\u30eb\u30d3\u30c7\u30aa\uff081A\uff5e5A\u30fbAP\uff09","author":"Jun Aramaki","date":"2020\u5e749\u670826\u65e5","format":false,"excerpt":"1A 1st Hiroyuki Suzuki (Japan) https:\/\/www.youtube\u2026","rel":"","context":"\u985e\u4f3c\u6295\u7a3f","block_context":{"text":"\u985e\u4f3c\u6295\u7a3f","link":""},"img":{"alt_text":"","src":"https:\/\/i0.wp.com\/img.youtube.com\/vi\/VP5flGnmUkU\/0.jpg?resize=350%2C200","width":350,"height":200},"classes":[]},{"id":40082,"url":"https:\/\/yoyorewind.com\/jp\/video\/freestyle\/2008wyyc\/","url_meta":{"origin":7130,"position":2},"title":"2008 \u4e16\u754c\u5927\u4f1a \u6c7a\u52dd\u4e0a\u4f4d\u5165\u8cde\u8005\u306e\u30d5\u30ea\u30fc\u30b9\u30bf\u30a4\u30eb\u30d3\u30c7\u30aa\uff081A\uff5e5A\u30fbAP\uff09","author":"Jun Aramaki","date":"2020\u5e749\u670815\u65e5","format":false,"excerpt":"1A 1st John Ando (Japan) https:\/\/www.youtube.com\/w\u2026","rel":"","context":"\u985e\u4f3c\u6295\u7a3f","block_context":{"text":"\u985e\u4f3c\u6295\u7a3f","link":""},"img":{"alt_text":"","src":"https:\/\/i0.wp.com\/img.youtube.com\/vi\/u4jpzazWoHQ\/0.jpg?resize=350%2C200","width":350,"height":200},"classes":[]},{"id":40152,"url":"https:\/\/yoyorewind.com\/jp\/video\/freestyle\/2007wyyc\/","url_meta":{"origin":7130,"position":3},"title":"2007 \u4e16\u754c\u5927\u4f1a \u6c7a\u52dd\u4e0a\u4f4d\u5165\u8cde\u8005\u306e\u30d5\u30ea\u30fc\u30b9\u30bf\u30a4\u30eb\u30d3\u30c7\u30aa\uff081A\uff5e5A\u30fbAP\uff09","author":"Jun Aramaki","date":"2020\u5e749\u670820\u65e5","format":false,"excerpt":"1A 1st Yuuki Spencer (USA) https:\/\/www.youtube.com\u2026","rel":"","context":"\u985e\u4f3c\u6295\u7a3f","block_context":{"text":"\u985e\u4f3c\u6295\u7a3f","link":""},"img":{"alt_text":"","src":"https:\/\/i0.wp.com\/img.youtube.com\/vi\/h_IHsukQLSc\/0.jpg?resize=350%2C200","width":350,"height":200},"classes":[]},{"id":40358,"url":"https:\/\/yoyorewind.com\/jp\/video\/freestyle\/2003wyyc\/","url_meta":{"origin":7130,"position":4},"title":"2003 \u4e16\u754c\u5927\u4f1a \u6c7a\u52dd\u4e0a\u4f4d\u5165\u8cde\u8005\u306e\u30d5\u30ea\u30fc\u30b9\u30bf\u30a4\u30eb\u30d3\u30c7\u30aa\uff081A\uff5e5A\u30fbAP\uff09","author":"Jun Aramaki","date":"2020\u5e7410\u67084\u65e5","format":false,"excerpt":"1A 1st Johnnie DelValle (USA) https:\/\/www.youtube.\u2026","rel":"","context":"\u985e\u4f3c\u6295\u7a3f","block_context":{"text":"\u985e\u4f3c\u6295\u7a3f","link":""},"img":{"alt_text":"","src":"https:\/\/i0.wp.com\/img.youtube.com\/vi\/v1g8RDB0cu4\/0.jpg?resize=350%2C200","width":350,"height":200},"classes":[]},{"id":39921,"url":"https:\/\/yoyorewind.com\/jp\/video\/freestyle\/2011wyyc\/","url_meta":{"origin":7130,"position":5},"title":"2011 \u4e16\u754c\u5927\u4f1a \u30d5\u30ea\u30fc\u30b9\u30bf\u30a4\u30eb\u6c7a\u52dd\u9032\u51fa\u8005\u306e\u30d3\u30c7\u30aa\uff081A\uff5e5A\u30fbAP\uff09","author":"Jun Aramaki","date":"2020\u5e749\u67087\u65e5","format":false,"excerpt":"1A 1st Marcus Koh (Singapore) https:\/\/www.youtube.\u2026","rel":"","context":"\u985e\u4f3c\u6295\u7a3f","block_context":{"text":"\u985e\u4f3c\u6295\u7a3f","link":""},"img":{"alt_text":"","src":"https:\/\/i0.wp.com\/img.youtube.com\/vi\/_P9JfqSKyxk\/0.jpg?resize=350%2C200","width":350,"height":200},"classes":[]}],"jetpack_sharing_enabled":true,"_links":{"self":[{"href":"https:\/\/yoyorewind.com\/jp\/wp-json\/wp\/v2\/pages\/7130","targetHints":{"allow":["GET"]}}],"collection":[{"href":"https:\/\/yoyorewind.com\/jp\/wp-json\/wp\/v2\/pages"}],"about":[{"href":"https:\/\/yoyorewind.com\/jp\/wp-json\/wp\/v2\/types\/page"}],"author":[{"embeddable":true,"href":"https:\/\/yoyorewind.com\/jp\/wp-json\/wp\/v2\/users\/5"}],"replies":[{"embeddable":true,"href":"https:\/\/yoyorewind.com\/jp\/wp-json\/wp\/v2\/comments?post=7130"}],"version-history":[{"count":18,"href":"https:\/\/yoyorewind.com\/jp\/wp-json\/wp\/v2\/pages\/7130\/revisions"}],"predecessor-version":[{"id":48637,"href":"https:\/\/yoyorewind.com\/jp\/wp-json\/wp\/v2\/pages\/7130\/revisions\/48637"}],"up":[{"embeddable":true,"href":"https:\/\/yoyorewind.com\/jp\/wp-json\/wp\/v2\/pages\/107"}],"wp:featuredmedia":[{"embeddable":true,"href":"https:\/\/yoyorewind.com\/jp\/wp-json\/wp\/v2\/media\/7350"}],"wp:attachment":[{"href":"https:\/\/yoyorewind.com\/jp\/wp-json\/wp\/v2\/media?parent=7130"}],"curies":[{"name":"wp","href":"https:\/\/api.w.org\/{rel}","templated":true}]}}