{"id":2529,"date":"2014-08-10T13:49:54","date_gmt":"2014-08-10T04:49:54","guid":{"rendered":"http:\/\/yoyorewind.com\/en\/?page_id=2529"},"modified":"2014-11-17T11:08:34","modified_gmt":"2014-11-17T02:08:34","slug":"2014wyyc","status":"publish","type":"page","link":"https:\/\/yoyorewind.com\/en\/video\/freestyle-video\/2014wyyc\/","title":{"rendered":"2014 World Yo-Yo Contest"},"content":{"rendered":"<h1>1A<\/h1>\n<p><iframe title=\"C3yoyodesign Present WYYC2014 1A Champion Gentry Stein\" width=\"500\" height=\"281\" src=\"https:\/\/www.youtube.com\/embed\/wMd2oKx0PTo?feature=oembed\" frameborder=\"0\" allow=\"accelerometer; autoplay; clipboard-write; encrypted-media; gyroscope; picture-in-picture; web-share\" referrerpolicy=\"strict-origin-when-cross-origin\" allowfullscreen><\/iframe><br \/>\n1st Gentry Stein (United States)<br \/>\n2nd <a href=\"https:\/\/www.youtube.com\/watch?v=Ur-cua5Z2FU\" target=\"_blank\">Takeshi Matsuura<\/a> (Japan)<br \/>\n3rd <a href=\"https:\/\/www.youtube.com\/watch?v=oqairSmG468\" target=\"_blank\">Iori Yamaki<\/a> (Japan)<br \/>\n4th <a href=\"https:\/\/www.youtube.com\/watch?v=vbvXj3ndbA4\" target=\"_blank\">Paul Kerbel<\/a> (Mexico)<br \/>\n5th <a href=\"https:\/\/www.youtube.com\/watch?v=Qw77T7u51nk\" target=\"_blank\">Zach Gormley<\/a> (United States)<br \/>\n6th <a href=\"https:\/\/www.youtube.com\/watch?v=B5unP_K0QA4\" target=\"_blank\">Ahmad Kharisma<\/a> (Indonesia)<br \/>\n7th <a href=\"https:\/\/www.youtube.com\/watch?v=7jdmwMPkA-E\" target=\"_blank\">Shinya Kido<\/a> (Japan)<br \/>\n8th <a href=\"https:\/\/www.youtube.com\/watch?v=C6WQ0t_5v6E\" target=\"_blank\">Hiroyuki Suzuki<\/a> (Japan)<br \/>\n9th <a href=\"https:\/\/www.youtube.com\/watch?v=ZQjvTHSnt-k\" target=\"_blank\">Yamato Murata<\/a> (Japan)<br \/>\n10th <a href=\"https:\/\/www.youtube.com\/watch?v=78V2vI5ctHc\" target=\"_blank\">Izuru Hasumi<\/a> (Japan)<br \/>\n11th <a href=\"https:\/\/www.youtube.com\/watch?v=muZsw2WZwUk\" target=\"_blank\">Janos Karancz<\/a> (Hungary)<br \/>\n12th <a href=\"https:\/\/www.youtube.com\/watch?v=QV1gqXDvqJ4\" target=\"_blank\">Carlos Braun<\/a> (Germany)<br \/>\n13th <a href=\"https:\/\/www.youtube.com\/watch?v=eE9wfk4Z8Gk\" target=\"_blank\">V\u00e1clav Kroutil<\/a> (Czech Republic)<br \/>\n14th <a href=\"https:\/\/www.youtube.com\/watch?v=VMtaZmYMGaU\" target=\"_blank\">Yusuke Otsuka<\/a> (Japan)<br \/>\n15th <a href=\"https:\/\/www.youtube.com\/watch?v=Rnu8ueYmCxs\" target=\"_blank\">Petr Aminev<\/a> (Russia)<br \/>\n16th <a href=\"https:\/\/www.youtube.com\/watch?v=_pxCmFgLtek\" target=\"_blank\">Marcus Koh<\/a> (Singapore)<br \/>\n17th <a href=\"https:\/\/www.youtube.com\/watch?v=03Q3tI4DkRk\" target=\"_blank\">Andrew Maider<\/a> (United States)<br \/>\n18th <a href=\"https:\/\/www.youtube.com\/watch?v=z6spoyg37ec\" target=\"_blank\">Masahiro Terada<\/a> (Japan)<br \/>\n19th <a href=\"https:\/\/www.youtube.com\/watch?v=ILDqEkrLd1c\" target=\"_blank\">Peter Pong Si Yee<\/a> (Hong Kong)<br \/>\n20th <a href=\"https:\/\/www.youtube.com\/watch?v=KPakDQ1lOeg\" target=\"_blank\">Matou\u0161 Tome\u0161<\/a> (Czech Republic)<\/p>\n<h1>2A<\/h1>\n<p><iframe title=\"C3yoyodesign Present WYYC2014 2A Champion - Takuma Yamamoto\" width=\"500\" height=\"281\" src=\"https:\/\/www.youtube.com\/embed\/q7TgQXwX0bs?feature=oembed\" frameborder=\"0\" allow=\"accelerometer; autoplay; clipboard-write; encrypted-media; gyroscope; picture-in-picture; web-share\" referrerpolicy=\"strict-origin-when-cross-origin\" allowfullscreen><\/iframe><br \/>\n1st Takuma Yamamoto (Japan)<br \/>\n2nd <a href=\"https:\/\/www.youtube.com\/watch?v=ZNTWX2q9bgM\" target=\"_blank\">Yasushi Furukawa<\/a> (Japan)<br \/>\n3rd <a href=\"https:\/\/www.youtube.com\/watch?v=iY7e9KG-4RM\" target=\"_blank\">Hiraku Fujii<\/a> (Japan)<br \/>\n4th <a href=\"https:\/\/www.youtube.com\/watch?v=8qeYUeohdtE\" target=\"_blank\">Tomoyuki Kaneko<\/a> (Japan)<br \/>\n5th <a href=\"https:\/\/www.youtube.com\/watch?v=5sVfzexgKAc\" target=\"_blank\">Shuhei Kanai<\/a> (Japan)<br \/>\n6th <a href=\"https:\/\/www.youtube.com\/watch?v=m7z46RAo-00\" target=\"_blank\">Joseph Harris<\/a> (United States)<br \/>\n7th <a href=\"https:\/\/www.youtube.com\/watch?v=F78uaXXCItE\" target=\"_blank\">Liu Man Ki<\/a> (Hong Kong)<br \/>\n8th <a href=\"https:\/\/www.youtube.com\/watch?v=VW4dgPTNC_M\" target=\"_blank\">Dave Geigle<\/a> (Germany)<br \/>\n9th <a href=\"https:\/\/www.youtube.com\/watch?v=Dl9FxLCQai0\" target=\"_blank\">JongKi Yoon<\/a> (Republic of Korea)<\/p>\n<h1>3A<\/h1>\n<p><iframe title=\"C3yoyodesign Present WYYC2014 3A Champion - Hajime Miura\" width=\"500\" height=\"281\" src=\"https:\/\/www.youtube.com\/embed\/WKUTV-02KjA?feature=oembed\" frameborder=\"0\" allow=\"accelerometer; autoplay; clipboard-write; encrypted-media; gyroscope; picture-in-picture; web-share\" referrerpolicy=\"strict-origin-when-cross-origin\" allowfullscreen><\/iframe><br \/>\n1st Hajime Miura (Japan)<br \/>\n2nd <a href=\"https:\/\/www.youtube.com\/watch?v=-gJ0mH4dGv0\" target=\"_blank\">Hank Freeman<\/a> (United States)<br \/>\n3rd <a href=\"https:\/\/www.youtube.com\/watch?v=zOuVUAjRwaA\" target=\"_blank\">Minato Furuta<\/a> (Japan)<br \/>\n4th <a href=\"https:\/\/www.youtube.com\/watch?v=axZTROx1-A0\" target=\"_blank\">Mizuki Takimoto<\/a> (Japan)<br \/>\n5th <a href=\"https:\/\/www.youtube.com\/watch?v=0dwNssmFh4U\" target=\"_blank\">Taiichiro Higashi<\/a> (Japan)<br \/>\n6th <a href=\"https:\/\/www.youtube.com\/watch?v=5VVmCru3hNk\" target=\"_blank\">Patrick Borgerding<\/a> (United States)<br \/>\n7th <a href=\"https:\/\/www.youtube.com\/watch?v=-pKIriHlXfw\" target=\"_blank\">Alex Hattori<\/a> (United States)<br \/>\n8th <a href=\"https:\/\/www.youtube.com\/watch?v=I4rehyOsPf8\" target=\"_blank\">Ng Wang Kit<\/a> (Hong Kong)<br \/>\n9th <a href=\"https:\/\/www.youtube.com\/watch?v=qLzNSmwpKIA\" target=\"_blank\">Michal Ja\u0161ko<\/a> (Czech Republic)<br \/>\n10th <a href=\"https:\/\/www.youtube.com\/watch?v=IgxH6EfWIy8\" target=\"_blank\">Donald Hodgkinson<\/a> (United States)<br \/>\n11th <a href=\"https:\/\/www.youtube.com\/watch?v=JnQ9QrDj0p0\" target=\"_blank\">Naoya Takeuchi<\/a> (Japan)<\/p>\n<h1>4A<\/h1>\n<p><iframe title=\"C3yoyodesign present WYYC 2014 4A Champion - Rei Iwakura\" width=\"500\" height=\"281\" src=\"https:\/\/www.youtube.com\/embed\/gy8BDmCUmX8?feature=oembed\" frameborder=\"0\" allow=\"accelerometer; autoplay; clipboard-write; encrypted-media; gyroscope; picture-in-picture; web-share\" referrerpolicy=\"strict-origin-when-cross-origin\" allowfullscreen><\/iframe><br \/>\n1st Rei Iwakura (Japan)<br \/>\n2nd <a href=\"https:\/\/www.youtube.com\/watch?v=NrJ9rN3k-kU\" target=\"_blank\">Michael Nakamura<\/a> (United States)<br \/>\n3rd <a href=\"https:\/\/www.youtube.com\/watch?v=tFfDxc9s9EU\" target=\"_blank\">Naoto Okada<\/a> (Japan)<br \/>\n4th <a href=\"https:\/\/www.youtube.com\/watch?v=cjRsk4cLnf0\" target=\"_blank\">Ian Johnson<\/a> (United States)<br \/>\n5th <a href=\"https:\/\/www.youtube.com\/watch?v=KxJ6CI-MQhU\" target=\"_blank\">Zac Rubino<\/a> (United States)<br \/>\n6th <a href=\"https:\/\/www.youtube.com\/watch?v=Ap7lgWPNaJY\" target=\"_blank\">Po Han Kuo<\/a> (Taiwan)<br \/>\n7th <a href=\"https:\/\/www.youtube.com\/watch?v=DKblQPSSq50\" target=\"_blank\">Gustavo Amaral<\/a> (Brazil)<br \/>\n8th <a href=\"https:\/\/www.youtube.com\/watch?v=-3h-5xgOsbY\" target=\"_blank\">Chan Chun Hin<\/a> (Hong Kong)<br \/>\n9th <a href=\"https:\/\/www.youtube.com\/watch?v=o-00Qvb-mmI\" target=\"_blank\">Tsubasa Onishi<\/a> (Japan)<br \/>\n10th <a href=\"https:\/\/www.youtube.com\/watch?v=obfBnmkr5a8\" target=\"_blank\">Yuuki Uchida<\/a> (Japan)<br \/>\n11th <a href=\"https:\/\/www.youtube.com\/watch?v=eLSHud9DxX8\" target=\"_blank\">Jeon Ji Hwan<\/a> (Republic of Korea)<br \/>\n12th <a href=\"https:\/\/www.youtube.com\/watch?v=feuah1p6cpg\" target=\"_blank\">Norbert Jenei<\/a> (Austria \/ Hungary)<br \/>\n13th <a href=\"https:\/\/www.youtube.com\/watch?v=Y7ZTqKJjH9c\" target=\"_blank\">Ben Conde<\/a> (United States)<br \/>\n14th <a href=\"https:\/\/www.youtube.com\/watch?v=saYXSP9XWkw\" target=\"_blank\">Lorenzo Sabatini<\/a> (Italy)<br \/>\n15th <a href=\"https:\/\/www.youtube.com\/watch?v=u0owRuZ69HY\" target=\"_blank\">Quentin Godet<\/a> (France)<br \/>\n16th <a href=\"https:\/\/www.youtube.com\/watch?v=aEPYullq7XM\" target=\"_blank\">Ond\u0159ej Schmid<\/a> (Czech Republic)<br \/>\n17th <a href=\"https:\/\/www.youtube.com\/watch?v=LeR0mJArYgc\" target=\"_blank\">Trivet Sembel<\/a> (Indonesia)<br \/>\n18th <a href=\"https:\/\/www.youtube.com\/watch?v=FWNGYZ8h0fY\" target=\"_blank\">Ayumu Harada<\/a> (Japan)<br \/>\n19th <a href=\"https:\/\/www.youtube.com\/watch?v=eMn2RXa8-nE\" target=\"_blank\">Wu Jinnan<\/a> (China)<\/p>\n<h1>5A<\/h1>\n<p><iframe title=\"C3yoyodesign present WYYC 2014 5A Champion Takeshi Matsuura\" width=\"500\" height=\"281\" src=\"https:\/\/www.youtube.com\/embed\/ZRonomh3qFY?feature=oembed\" frameborder=\"0\" allow=\"accelerometer; autoplay; clipboard-write; encrypted-media; gyroscope; picture-in-picture; web-share\" referrerpolicy=\"strict-origin-when-cross-origin\" allowfullscreen><\/iframe><br \/>\n1st Takeshi Matsuura (Japan)<br \/>\n2nd <a href=\"https:\/\/www.youtube.com\/watch?v=QwV3MvyPYWM\" target=\"_blank\">Jake Elliot<\/a> (United States)<br \/>\n3rd <a href=\"https:\/\/www.youtube.com\/watch?v=M_R6ptrw4CY\" target=\"_blank\">Sora Ishikawa<\/a> (Japan)<br \/>\n4th <a href=\"https:\/\/www.youtube.com\/watch?v=Q9itggOuSGU\" target=\"_blank\">Naoya Takeuchi<\/a> (Japan)<br \/>\n5th <a href=\"https:\/\/www.youtube.com\/watch?v=g-qnSqhvsTc\" target=\"_blank\">Ko Kwan Ho<\/a> (Hong Kong)<br \/>\n6th <a href=\"https:\/\/www.youtube.com\/watch?v=ctxY3QyjzUA\" target=\"_blank\">Ian Loh<\/a> (Singapore)<br \/>\n7th <a href=\"https:\/\/www.youtube.com\/watch?v=R9B8fcojFqQ\" target=\"_blank\">Chase Baxter<\/a> (United States)<br \/>\n8th<a href=\"https:\/\/www.youtube.com\/watch?v=GXfCE729J2M\" target=\"_blank\"> Petr Kavka<\/a> (Czech Republic)<br \/>\n9th <a href=\"https:\/\/www.youtube.com\/watch?v=JV0cgFejuMM\" target=\"_blank\">Daniel Budai<\/a> (Hungary)<br \/>\n10th <a href=\"https:\/\/www.youtube.com\/watch?v=PFGKKysyX-Q\" target=\"_blank\">Min Soo Kim<\/a> (Republic of Korea)<br \/>\n11th <a href=\"https:\/\/www.youtube.com\/watch?v=sIncI3XH_RM\" target=\"_blank\">D\u00e1vid Moln\u00e1r<\/a> (Hungary)<br \/>\n12th <a href=\"https:\/\/www.youtube.com\/watch?v=6J6j9ZEGjjQ\" target=\"_blank\">Brian Leung Pak Wai<\/a> (China \/ Hong Kong)<br \/>\n13th <a href=\"https:\/\/www.youtube.com\/watch?v=njtCD6Bc0dY\" target=\"_blank\">Matthew Gallacher<\/a> (United Kingdom)<br \/>\n14th <a href=\"https:\/\/www.youtube.com\/watch?v=KNoNGTw4cGo\" target=\"_blank\">Maciek Cwynar<\/a> (Poland)<br \/>\n15th <a href=\"https:\/\/www.youtube.com\/watch?v=UyMtVwVbo7U\" target=\"_blank\">George Stoyanov<\/a> (Bulgaria)<br \/>\n16th <a href=\"https:\/\/www.youtube.com\/watch?v=Os-Ta2UpclI\" target=\"_blank\">Petr M\u00edka<\/a> (Czech Republic)<br \/>\n&#8211; <a href=\"https:\/\/www.youtube.com\/watch?v=LluCtpK_8VM\" target=\"_blank\">Marco Riechen<\/a> (Germany)<\/p>\n<h1>Women<\/h1>\n<p><iframe title=\"C3yoyodesign present WYYC 2014 Woman Division Champion Tessa Piccillo\" width=\"500\" height=\"281\" src=\"https:\/\/www.youtube.com\/embed\/ncwuAUUdZQI?feature=oembed\" frameborder=\"0\" allow=\"accelerometer; autoplay; clipboard-write; encrypted-media; gyroscope; picture-in-picture; web-share\" referrerpolicy=\"strict-origin-when-cross-origin\" allowfullscreen><\/iframe><br \/>\n1st Tessa Piccillo (United States)<br \/>\n2nd <a href=\"https:\/\/www.youtube.com\/watch?v=KxvHGKEAscchttp:\/\/\" target=\"_blank\">Julia Aleksandra Gutowska<\/a> (Poland)<br \/>\n3rd <a href=\"https:\/\/www.youtube.com\/watch?v=BOIoeTVypS8\" target=\"_blank\">Corli du Toit<\/a> (South Africa)<br \/>\n4th <a href=\"https:\/\/www.youtube.com\/watch?v=g_iDi7VWOaE\" target=\"_blank\">Ann Connolly<\/a> (United States)<br \/>\n5th <a href=\"https:\/\/www.youtube.com\/watch?v=X2dOCyZfTeI\" target=\"_blank\">Josefina Ne\u0161porov\u00e1<\/a> (Czech Republic)<br \/>\n6th <a href=\"https:\/\/www.youtube.com\/watch?v=V4NE4HVUCEE\" target=\"_blank\">Mimi Thian<\/a> (Malaysia)<br \/>\n7th <a href=\"https:\/\/www.youtube.com\/watch?v=NXQ1Bm7x0WE\" target=\"_blank\">Grace Barnes<\/a> (United Kingdom)<br \/>\n8th <a href=\"https:\/\/www.youtube.com\/watch?v=0JK0cJgj2rk\" target=\"_blank\">Veronika Dleskov\u00e1<\/a> (Czech Republic)<br \/>\n9th <a href=\"https:\/\/www.youtube.com\/watch?v=31EgzHzNsko\" target=\"_blank\">Tatiana Ganikhina<\/a> (Russia)<br \/>\n10th <a href=\"https:\/\/www.youtube.com\/watch?v=aK8aElnIlz8\" target=\"_blank\">Anna Varga<\/a> (Hungary)<br \/>\n11th <a href=\"https:\/\/www.youtube.com\/watch?v=jQzK0O6lMFE\" target=\"_blank\">Karol\u00edna Z\u00e1hrubsk\u00e1<\/a> (Czech Republic)<br \/>\n12th <a href=\"https:\/\/www.youtube.com\/watch?v=MW2EC7Bgb64\" target=\"_blank\">Sara D&#8217;Amato<\/a> (Italy)<br \/>\n&#8211; <a href=\"https:\/\/www.youtube.com\/watch?v=Syp32k1tbuI\" target=\"_blank\">Chlo\u00e9 Monson\u00e9go<\/a> (France)<\/p>\n<h1>AP<\/h1>\n<p><strong>Grand Prix Winner &#8211; <a href=\"https:\/\/www.youtube.com\/watch?v=mDehMdC8hCE\" target=\"_blank\">SPINATION<\/a> (Japan)<\/strong><br \/>\nArtistic Award &#8211; <a href=\"https:\/\/www.youtube.com\/watch?v=mDehMdC8hCE\" target=\"_blank\">SPINATION<\/a> (Japan)<br \/>\nCreativity Award &#8211; <a href=\"https:\/\/www.youtube.com\/watch?v=smJgXGRJm9g\" target=\"_blank\">Tuan Chin-Min<\/a> (Taiwan)<\/p>\n<p><a href=\"https:\/\/www.youtube.com\/watch?v=oiasv3ryioU\" target=\"_blank\">Naoto<\/a> (Japan)<br \/>\n<a href=\"https:\/\/www.youtube.com\/watch?v=UvJqkHsYBog\" target=\"_blank\">Tuan Chin-Min<\/a> (Taiwan)<br \/>\n<a href=\"https:\/\/www.youtube.com\/watch?v=fKQMtAuvbMw\" target=\"_blank\">Takahiko Hasegawa<\/a> (Japan)<br \/>\n<a href=\"https:\/\/www.youtube.com\/watch?v=r8UzjhuGEes\" target=\"_blank\">inmot!on<\/a> (Switzerland)<\/p>\n<p>&nbsp;<\/p>\n<p>Thanks C3yoyodesign!<br \/>\n<a href=\"https:\/\/www.youtube.com\/user\/c3yoyodesign\" target=\"_blank\">Youtube<\/a><br \/>\n<a href=\"https:\/\/www.facebook.com\/c3yoyodesign\" target=\"_blank\">Facebook<\/a><br \/>\n<a href=\"http:\/\/c3yoyodesign.com\/\" target=\"_blank\">Web<\/a><\/p>\n<p>2014 World Yo-Yo Contest<br \/>\n<a title=\"World Yo-Yo Contest 2014\" href=\"http:\/\/www.worldyoyocontest.com\/2014worlds\/\" target=\"_blank\">http:\/\/www.worldyoyocontest.com\/2014worlds\/<\/a><\/p>\n","protected":false},"excerpt":{"rendered":"<p>1A 1st Gentry Stein (United States) 2nd Takeshi Matsuura (Japan) 3rd Iori Yamaki (Japan) 4th Paul Kerbel (Mexico) 5th Zach Gormley (United States) 6th Ahmad Kharisma (Indonesia) 7th Shinya Kido (Japan) 8th Hiroyuki Suzuki (Japan) 9th Yamato Murata (Japan) 10th Izuru Hasumi (Japan) 11th Janos Karancz (Hungary) 12th Carlos Braun (Germany) 13th V\u00e1clav Kroutil (Czech [&hellip;]<\/p>\n","protected":false},"author":4,"featured_media":0,"parent":13,"menu_order":0,"comment_status":"closed","ping_status":"closed","template":"","meta":{"_monsterinsights_skip_tracking":false,"_monsterinsights_sitenote_active":false,"_monsterinsights_sitenote_note":"","_monsterinsights_sitenote_category":0,"swell_btn_cv_data":"","footnotes":""},"class_list":["post-2529","page","type-page","status-publish","hentry"],"aioseo_notices":[],"jetpack_shortlink":"https:\/\/wp.me\/P42RfF-EN","jetpack_sharing_enabled":true,"_links":{"self":[{"href":"https:\/\/yoyorewind.com\/en\/wp-json\/wp\/v2\/pages\/2529","targetHints":{"allow":["GET"]}}],"collection":[{"href":"https:\/\/yoyorewind.com\/en\/wp-json\/wp\/v2\/pages"}],"about":[{"href":"https:\/\/yoyorewind.com\/en\/wp-json\/wp\/v2\/types\/page"}],"author":[{"embeddable":true,"href":"https:\/\/yoyorewind.com\/en\/wp-json\/wp\/v2\/users\/4"}],"replies":[{"embeddable":true,"href":"https:\/\/yoyorewind.com\/en\/wp-json\/wp\/v2\/comments?post=2529"}],"version-history":[{"count":5,"href":"https:\/\/yoyorewind.com\/en\/wp-json\/wp\/v2\/pages\/2529\/revisions"}],"predecessor-version":[{"id":2980,"href":"https:\/\/yoyorewind.com\/en\/wp-json\/wp\/v2\/pages\/2529\/revisions\/2980"}],"up":[{"embeddable":true,"href":"https:\/\/yoyorewind.com\/en\/wp-json\/wp\/v2\/pages\/13"}],"wp:attachment":[{"href":"https:\/\/yoyorewind.com\/en\/wp-json\/wp\/v2\/media?parent=2529"}],"curies":[{"name":"wp","href":"https:\/\/api.w.org\/{rel}","templated":true}]}}